{"id":1032,"date":"2016-05-16T20:37:11","date_gmt":"2016-05-16T18:37:11","guid":{"rendered":"https:\/\/www.brigitte-weidmann.de\/?page_id=1032"},"modified":"2023-05-17T22:21:43","modified_gmt":"2023-05-17T20:21:43","slug":"photoprojects","status":"publish","type":"page","link":"https:\/\/www.brigitte-weidmann.de\/die-freude-am-augenblick\/photoprojects\/","title":{"rendered":"Projects"},"content":{"rendered":"<div class=\"standard_wrapper\">\n<div class=\"one_half withsmallpadding ppb_text\" style=\"padding: 30px 0 30px 0;\">\n<div class=\"standard_wrapper\">\n<div class=\"page_content_wrapper\">\n<div class=\"inner\">\n<div style=\"margin: auto; width: 100%;\">\n<p><a href=\"https:\/\/www.brigitte-weidmann.de\/portfolio\/alle-welt-macht-bilder\/\"><img decoding=\"async\" loading=\"lazy\" class=\"alignnone size-full wp-image-646\" src=\"https:\/\/www.brigitte-weidmann.de\/wp-content\/uploads\/2016\/05\/Everybody-Is-Shooting_1.jpg\" alt=\"Everybody-Is-Shooting_1\" width=\"1408\" height=\"792\" \/><\/a><\/p>\n<h5><a href=\"https:\/\/www.brigitte-weidmann.de\/portfolio\/alle-welt-macht-bilder\/\">Everybody is Shooting<\/a><\/h5>\n<h5>Alle Welt macht Bilder<\/h5>\n<p><a href=\"https:\/\/www.brigitte-weidmann.de\/portfolio\/alle-welt-macht-bilder\/\">Was treibt uns eigentlich dazu, Alles und Jedes auf einem Bild festzuhalten?<br \/>\nWhat drives us to shoot pictures all the time, of everything and every moment?<br \/>\nHow do we store our digital images, how do we present them \u2013 and to whom?<\/a><\/p>\n<\/div>\n<\/div>\n<\/div>\n<\/div>\n<\/div>\n<\/div>\n<div class=\"standard_wrapper\">\n<div class=\"one_half last withsmallpadding ppb_text\" style=\"padding: 30px 0 30px 0;\">\n<div class=\"standard_wrapper\">\n<div class=\"page_content_wrapper\">\n<div class=\"inner\">\n<div style=\"margin: auto; width: 100%;\">\n<p><a href=\"https:\/\/www.brigitte-weidmann.de\/portfolio\/bad-reichenhall\/\"><img decoding=\"async\" loading=\"lazy\" class=\"alignnone size-full wp-image-644\" src=\"https:\/\/www.brigitte-weidmann.de\/wp-content\/uploads\/2016\/05\/Fade-Out_1.jpg\" alt=\"Fade-Out_1\" width=\"1408\" height=\"792\" \/><\/a><\/p>\n<h5><a href=\"https:\/\/www.brigitte-weidmann.de\/portfolio\/bad-reichenhall\/\">Two Faces<\/a><\/h5>\n<h5>Bad Reichenhall<\/h5>\n<h5><\/h5>\n<p><a href=\"https:\/\/www.brigitte-weidmann.de\/portfolio\/bad-reichenhall\/\">Ein Kurort erfindet sich neu. Ergebnis des\u00a0Seminars bei Sonja Braas (New York) in der Kunstakademie Bad Reichenhall, 2015<br \/>\nWorkshop with Sonja Braas (New York) at the Art Academy Bad Reichenhall, 2015<\/a><\/p>\n<\/div>\n<\/div>\n<\/div>\n<\/div>\n<\/div>\n<\/div>\n<div class=\"standard_wrapper\"><\/div>\n<div class=\"standard_wrapper\">\n<div class=\"one_half withsmallpadding ppb_text\" style=\"padding: 30px 0 30px 0;\">\n<div class=\"standard_wrapper\">\n<div class=\"page_content_wrapper\">\n<div class=\"inner\">\n<div style=\"margin: auto; width: 100%;\">\n<p><a href=\"https:\/\/www.brigitte-weidmann.de\/portfolio\/abandoned-places-verlassene-orte\/\"><img decoding=\"async\" loading=\"lazy\" class=\"alignnone size-full wp-image-643\" src=\"https:\/\/www.brigitte-weidmann.de\/wp-content\/uploads\/2016\/05\/Abandoned_Places_1.jpg\" alt=\"Abandoned_Places_1\" width=\"1408\" height=\"792\" \/><\/a><\/p>\n<h5><a href=\"https:\/\/www.brigitte-weidmann.de\/portfolio\/abandoned-places-verlassene-orte\/\">Abandoned Places [I]<\/a><\/h5>\n<h5>Verlassene Orte [I]<\/h5>\n<p><a href=\"https:\/\/www.brigitte-weidmann.de\/portfolio\/abandoned-places-verlassene-orte\/\">Dieses hundertj\u00e4hrige Stadthaus in Portim\u00e3o im S\u00fcden Portugals stand mehrere Jahrzehnte leer. Er erz\u00e4hlt noch die Geschichte seiner Bewohner.<br \/>\nThis town house of a wine producer in the historic city center of Portim\u00e3o, Portugal, built in 1902, has been abandoned for decades. It tells the story of its residents.<\/a><\/p>\n<\/div>\n<\/div>\n<\/div>\n<\/div>\n<\/div>\n<\/div>\n<div class=\"standard_wrapper\">\n<div class=\"one_half last withsmallpadding ppb_text\" style=\"padding: 30px 0 30px 0;\">\n<div class=\"standard_wrapper\">\n<div class=\"page_content_wrapper\">\n<div class=\"inner\">\n<div style=\"margin: auto; width: 100%;\">\n<p><a href=\"https:\/\/www.brigitte-weidmann.de\/manmade-kunststoff\/\"><img decoding=\"async\" loading=\"lazy\" class=\"alignnone size-full wp-image-1089\" src=\"https:\/\/www.brigitte-weidmann.de\/wp-content\/uploads\/2016\/05\/brigitte-weidmann_manart_Plastiktonne-1.jpg\" alt=\"Brigitte-Weidmann_KunstStoff_Plastiktonne\" width=\"1400\" height=\"788\" \/><\/a><\/p>\n<h5><a href=\"https:\/\/www.brigitte-weidmann.de\/manmade-kunststoff\/\">MAN-MADE<\/a><\/h5>\n<h5>KUNST-STOFF<\/h5>\n<p><a href=\"https:\/\/www.brigitte-weidmann.de\/portfolio\/manmade-kunststoff\/\">300 Millionen Tonnen Kunststoff werden j\u00e4hrlich produziert. Mit 35 Prozent haben Verpackungen den gr\u00f6\u00dften Anteil am Kunststoffverbrauch.<br \/>\n300 million tons of plastic is being produced every year.<br \/>\n<\/a><a href=\"https:\/\/www.brigitte-weidmann.de\/manmade-kunststoff\/\">35% is used for packaging.<\/a><\/p>\n<\/div>\n<\/div>\n<\/div>\n<\/div>\n<\/div>\n<\/div>\n<div class=\"standard_wrapper\"><\/div>\n<div class=\"standard_wrapper\">\n<div class=\"one_half withsmallpadding ppb_text\" style=\"padding: 30px 0 30px 0;\">\n<div class=\"standard_wrapper\">\n<div class=\"page_content_wrapper\">\n<div class=\"inner\">\n<div style=\"margin: auto; width: 100%;\">\n<p><a href=\"https:\/\/www.brigitte-weidmann.de\/portfolio\/living-longer\/\"><img decoding=\"async\" loading=\"lazy\" class=\"alignnone size-full wp-image-645\" src=\"https:\/\/www.brigitte-weidmann.de\/wp-content\/uploads\/2016\/05\/LivingLonger_1.jpg\" alt=\"LivingLonger_1\" width=\"1408\" height=\"792\" \/><\/a><\/p>\n<h5><a href=\"https:\/\/www.brigitte-weidmann.de\/portfolio\/living-longer\/\">Living Longer<\/a><\/h5>\n<h5>L\u00e4nger leben<\/h5>\n<p><a href=\"https:\/\/www.brigitte-weidmann.de\/portfolio\/living-longer\/\">Ein format\u00fcbergreifendes Medienprojekts zur gr\u00f6\u00dften Herausforderung unserer Gesellschaft: dem demografischen Wandel. Alle wollen l\u00e4nger leben, doch niemand will \u201ealt\u201c sein.<br \/>\nThe demographic change is the most important challenge our society is facing. Everyone desires to live long, but no-one desires to be \u201cold.\u201d A crossmedia project.<\/a><\/p>\n<\/div>\n<\/div>\n<\/div>\n<\/div>\n<\/div>\n<\/div>\n","protected":false},"excerpt":{"rendered":"<p>Everybody is Shooting Alle Welt macht Bilder Was treibt uns eigentlich dazu, Alles und Jedes auf einem Bild festzuhalten? What drives us to shoot pictures all the time, of everything and every moment? How do we store our digital images, [&hellip;]<\/p>\n","protected":false},"author":3,"featured_media":0,"parent":0,"menu_order":0,"comment_status":"closed","ping_status":"closed","template":"","meta":[],"_links":{"self":[{"href":"https:\/\/www.brigitte-weidmann.de\/die-freude-am-augenblick\/wp-json\/wp\/v2\/pages\/1032"}],"collection":[{"href":"https:\/\/www.brigitte-weidmann.de\/die-freude-am-augenblick\/wp-json\/wp\/v2\/pages"}],"about":[{"href":"https:\/\/www.brigitte-weidmann.de\/die-freude-am-augenblick\/wp-json\/wp\/v2\/types\/page"}],"author":[{"embeddable":true,"href":"https:\/\/www.brigitte-weidmann.de\/die-freude-am-augenblick\/wp-json\/wp\/v2\/users\/3"}],"replies":[{"embeddable":true,"href":"https:\/\/www.brigitte-weidmann.de\/die-freude-am-augenblick\/wp-json\/wp\/v2\/comments?post=1032"}],"version-history":[{"count":0,"href":"https:\/\/www.brigitte-weidmann.de\/die-freude-am-augenblick\/wp-json\/wp\/v2\/pages\/1032\/revisions"}],"wp:attachment":[{"href":"https:\/\/www.brigitte-weidmann.de\/die-freude-am-augenblick\/wp-json\/wp\/v2\/media?parent=1032"}],"curies":[{"name":"wp","href":"https:\/\/api.w.org\/{rel}","templated":true}]}}